{"id":2811,"date":"2018-10-18T15:57:14","date_gmt":"2018-10-18T13:57:14","guid":{"rendered":"https:\/\/owlshead.com\/atelier-boutique-wax\/"},"modified":"2023-04-28T13:30:19","modified_gmt":"2023-04-28T17:30:19","slug":"golf-shop","status":"publish","type":"page","link":"https:\/\/owlshead.com\/en\/golf-shop\/","title":{"rendered":"Golf Shop"},"content":{"rendered":"","protected":false},"excerpt":{"rendered":"","protected":false},"author":50,"featured_media":0,"parent":0,"menu_order":0,"comment_status":"closed","ping_status":"closed","template":"","meta":{"_acf_changed":false,"inline_featured_image":false,"_kad_blocks_custom_css":"","_kad_blocks_head_custom_js":"","_kad_blocks_body_custom_js":"","_kad_blocks_footer_custom_js":"","footnotes":""},"class_list":["post-2811","page","type-page","status-publish","hentry"],"acf":{"blocs_selection":[{"acf_fc_layout":"section_8","section_8_space":["Haut","Bas"],"section_8_bg":{"ID":16622,"id":16622,"title":"location-dequipement-golf","filename":"location-dequipement-golf-scaled-e1682606340906.jpg","filesize":536587,"url":"https:\/\/owlshead.com\/wp-content\/uploads\/2022\/11\/location-dequipement-golf-scaled-e1682606340906.jpg","link":"https:\/\/owlshead.com\/en\/golf-equipment-rental\/attachment\/location-dequipement-golf-2\/","alt":"","author":"50","description":"","caption":"","name":"location-dequipement-golf-2","status":"inherit","uploaded_to":4485,"date":"2022-11-10 16:41:32","modified":"2022-11-10 16:41:32","menu_order":0,"mime_type":"image\/jpeg","type":"image","subtype":"jpeg","icon":"http:\/\/owlshead.com\/wp-includes\/images\/media\/default.png","width":1724,"height":1548,"sizes":{"thumbnail":"https:\/\/owlshead.com\/wp-content\/uploads\/2022\/11\/location-dequipement-golf-scaled-e1682606340906.jpg","thumbnail-width":107,"thumbnail-height":96,"medium":"https:\/\/owlshead.com\/wp-content\/uploads\/2022\/11\/location-dequipement-golf-scaled-e1682606340906-512x460.jpg","medium-width":512,"medium-height":460,"medium_large":"https:\/\/owlshead.com\/wp-content\/uploads\/2022\/11\/location-dequipement-golf-scaled-e1682606340906-768x690.jpg","medium_large-width":768,"medium_large-height":690,"large":"https:\/\/owlshead.com\/wp-content\/uploads\/2022\/11\/location-dequipement-golf-scaled-e1682606340906-1024x919.jpg","large-width":1024,"large-height":919,"1536x1536":"https:\/\/owlshead.com\/wp-content\/uploads\/2022\/11\/location-dequipement-golf-scaled-e1682606340906-1536x1379.jpg","1536x1536-width":1536,"1536x1536-height":1379,"2048x2048":"https:\/\/owlshead.com\/wp-content\/uploads\/2022\/11\/location-dequipement-golf-2048x1365.jpg","2048x2048-width":2048,"2048x2048-height":1365,"latest":"https:\/\/owlshead.com\/wp-content\/uploads\/2022\/11\/location-dequipement-golf-scaled-e1682606340906-770x455.jpg","latest-width":770,"latest-height":455,"cta":"https:\/\/owlshead.com\/wp-content\/uploads\/2022\/11\/location-dequipement-golf-scaled-e1682606340906-680x472.jpg","cta-width":680,"cta-height":472,"slider-promo":"https:\/\/owlshead.com\/wp-content\/uploads\/2022\/11\/location-dequipement-golf-scaled-e1682606340906-1100x726.jpg","slider-promo-width":1100,"slider-promo-height":726,"image-list":"https:\/\/owlshead.com\/wp-content\/uploads\/2022\/11\/location-dequipement-golf-scaled-e1682606340906-1115x740.jpg","image-list-width":1115,"image-list-height":740,"banner":"https:\/\/owlshead.com\/wp-content\/uploads\/2022\/11\/location-dequipement-golf-scaled-e1682606340906-1440x400.jpg","banner-width":1440,"banner-height":400,"square_md":"https:\/\/owlshead.com\/wp-content\/uploads\/2022\/11\/location-dequipement-golf-scaled-e1682606340906-600x600.jpg","square_md-width":600,"square_md-height":600}},"section_8_title":"","section_8_title_left":false,"section_8_content":"","section_8_link":""},{"acf_fc_layout":"simple_content","simple_content_space":["Haut","Bas"],"simple_content_content":"<h1 style=\"text-align: center;\">Golf shop<\/h1>\n"},{"acf_fc_layout":"simple_content","simple_content_space":["Bas"],"simple_content_content":"<p>Hitting the course is not always an easy thing to do. Having the right equipment for your level of play helps make it easier. Since it&#8217;s all about the equipment, our golf experts will answer your questions to get you equipped to play your best game possible.<\/p>\n<p>Like you, we also want to look good when we hit the course. Our wide selection of golf apparel will allow you to show off your colors while being comfortable in the cooler temperatures of the early season as well as under the hot summer sun.<\/p>\n<p>Take a look at our golf store and discover the best products and our expert advice to perfect your game. Browse our inventory of clubs, balls, carts, and clothing.<\/p>\n"},{"acf_fc_layout":"section_6","espace_6_space":["Haut","Bas"],"section_6_section_subtitle":"","section_6_repeater":[{"pattern":false,"image":{"ID":10455,"id":10455,"title":"Tout pour le golf","filename":"Tout-pour-le-golf-1-e1618342704149.jpg","filesize":103366,"url":"https:\/\/owlshead.com\/wp-content\/uploads\/2021\/04\/Tout-pour-le-golf-1-e1618342704149.jpg","link":"https:\/\/owlshead.com\/en\/golf-shop\/attachment\/tout-pour-le-golf-2-2\/","alt":"golf shop boutique de golf","author":"50","description":"","caption":"","name":"tout-pour-le-golf-2-2","status":"inherit","uploaded_to":2811,"date":"2021-04-13 18:38:57","modified":"2023-04-28 17:29:57","menu_order":0,"mime_type":"image\/jpeg","type":"image","subtype":"jpeg","icon":"http:\/\/owlshead.com\/wp-includes\/images\/media\/default.png","width":700,"height":700,"sizes":{"thumbnail":"https:\/\/owlshead.com\/wp-content\/uploads\/2021\/04\/Tout-pour-le-golf-1-e1618342704149.jpg","thumbnail-width":96,"thumbnail-height":96,"medium":"https:\/\/owlshead.com\/wp-content\/uploads\/2021\/04\/Tout-pour-le-golf-1-e1618342704149-512x512.jpg","medium-width":512,"medium-height":512,"medium_large":"https:\/\/owlshead.com\/wp-content\/uploads\/2021\/04\/Tout-pour-le-golf-1-e1618342704149.jpg","medium_large-width":700,"medium_large-height":700,"large":"https:\/\/owlshead.com\/wp-content\/uploads\/2021\/04\/Tout-pour-le-golf-1-e1618342704149.jpg","large-width":700,"large-height":700,"1536x1536":"https:\/\/owlshead.com\/wp-content\/uploads\/2021\/04\/Tout-pour-le-golf-1-e1618342704149.jpg","1536x1536-width":700,"1536x1536-height":700,"2048x2048":"https:\/\/owlshead.com\/wp-content\/uploads\/2021\/04\/Tout-pour-le-golf-1-e1618342704149.jpg","2048x2048-width":700,"2048x2048-height":700,"latest":"https:\/\/owlshead.com\/wp-content\/uploads\/2021\/04\/Tout-pour-le-golf-1-e1618342704149-700x455.jpg","latest-width":700,"latest-height":455,"cta":"https:\/\/owlshead.com\/wp-content\/uploads\/2021\/04\/Tout-pour-le-golf-1-e1618342704149-680x472.jpg","cta-width":680,"cta-height":472,"slider-promo":"https:\/\/owlshead.com\/wp-content\/uploads\/2021\/04\/Tout-pour-le-golf-1-e1618342704149.jpg","slider-promo-width":700,"slider-promo-height":700,"image-list":"https:\/\/owlshead.com\/wp-content\/uploads\/2021\/04\/Tout-pour-le-golf-1-e1618342704149.jpg","image-list-width":700,"image-list-height":700,"banner":"https:\/\/owlshead.com\/wp-content\/uploads\/2021\/04\/Tout-pour-le-golf-1-e1618342704149-700x400.jpg","banner-width":700,"banner-height":400,"square_md":"https:\/\/owlshead.com\/wp-content\/uploads\/2021\/04\/Tout-pour-le-golf-1-e1618342704149.jpg","square_md-width":600,"square_md-height":600}},"titre":"","sous-titre":"Be up to date","contenu":"<p>Need some new golf equipment? Or refresh your golf wardrobe? The Owl&#8217;s Head Boutique is there for you. Our sales specialists will help you find the item you need. Whether you are looking to renew your ball inventory or purchase your very first set of clubs, come in and ask us your questions and we will be able to answer them with precision.<\/p>\n<p>Our rental center also offers a wide range of products that you will need to play golf. Regular clubs, premium sets, individual clubs, and much more are available. Check out our inventory and rental rates on our rental page.<\/p>\n","cta":{"title":"Golf equipment rental","url":"https:\/\/owlshead.com\/en\/golf-equipment-rentals\/","target":""},"reverse":false,"link":""},{"pattern":false,"image":{"ID":14432,"id":14432,"title":"DSC03307","filename":"DSC03307.jpg","filesize":95365,"url":"https:\/\/owlshead.com\/wp-content\/uploads\/2022\/04\/DSC03307.jpg","link":"https:\/\/owlshead.com\/en\/golf-shop\/attachment\/dsc03307-2\/","alt":"","author":"50","description":"","caption":"","name":"dsc03307-2","status":"inherit","uploaded_to":2811,"date":"2022-04-21 15:42:16","modified":"2022-04-21 15:42:16","menu_order":0,"mime_type":"image\/jpeg","type":"image","subtype":"jpeg","icon":"http:\/\/owlshead.com\/wp-includes\/images\/media\/default.png","width":766,"height":872,"sizes":{"thumbnail":"https:\/\/owlshead.com\/wp-content\/uploads\/2022\/04\/DSC03307.jpg","thumbnail-width":84,"thumbnail-height":96,"medium":"https:\/\/owlshead.com\/wp-content\/uploads\/2022\/04\/DSC03307-512x583.jpg","medium-width":512,"medium-height":583,"medium_large":"https:\/\/owlshead.com\/wp-content\/uploads\/2022\/04\/DSC03307.jpg","medium_large-width":766,"medium_large-height":872,"large":"https:\/\/owlshead.com\/wp-content\/uploads\/2022\/04\/DSC03307.jpg","large-width":766,"large-height":872,"1536x1536":"https:\/\/owlshead.com\/wp-content\/uploads\/2022\/04\/DSC03307.jpg","1536x1536-width":766,"1536x1536-height":872,"2048x2048":"https:\/\/owlshead.com\/wp-content\/uploads\/2022\/04\/DSC03307.jpg","2048x2048-width":766,"2048x2048-height":872,"latest":"https:\/\/owlshead.com\/wp-content\/uploads\/2022\/04\/DSC03307-766x455.jpg","latest-width":766,"latest-height":455,"cta":"https:\/\/owlshead.com\/wp-content\/uploads\/2022\/04\/DSC03307-680x472.jpg","cta-width":680,"cta-height":472,"slider-promo":"https:\/\/owlshead.com\/wp-content\/uploads\/2022\/04\/DSC03307-766x726.jpg","slider-promo-width":766,"slider-promo-height":726,"image-list":"https:\/\/owlshead.com\/wp-content\/uploads\/2022\/04\/DSC03307-766x740.jpg","image-list-width":766,"image-list-height":740,"banner":"https:\/\/owlshead.com\/wp-content\/uploads\/2022\/04\/DSC03307-766x400.jpg","banner-width":766,"banner-height":400,"square_md":"https:\/\/owlshead.com\/wp-content\/uploads\/2022\/04\/DSC03307.jpg","square_md-width":527,"square_md-height":600}},"titre":"","sous-titre":"Wear Owl's Head","contenu":"<p>Nothing will remind you of your experience with us like a beautiful piece of Owl&#8217;s Head apparel. Discover the complete line of Owl&#8217;s Head golf apparel at the store. Polos, jackets, caps, golf bags, balls, you&#8217;ll find everything you need for your next tee time in style.<\/p>\n","cta":{"title":"Opening hours","url":"https:\/\/owlshead.com\/en\/heures-douverture-ete\/","target":""},"reverse":true,"link":""}]}],"menu_language_white":false},"yoast_head":"<!-- This site is optimized with the Yoast SEO plugin v27.6 - https:\/\/yoast.com\/product\/yoast-seo-wordpress\/ -->\n<title>Shop at Owl\u2019s Head - Ski and Golf<\/title>\n<meta name=\"description\" content=\"Owl\u2019s Head boutiques are handily located right on the mountain to meet the specialized needs of all our guests!\" \/>\n<meta name=\"robots\" content=\"index, follow, max-snippet:-1, max-image-preview:large, max-video-preview:-1\" \/>\n<link rel=\"canonical\" href=\"https:\/\/owlshead.com\/boutique-de-golf\/\" \/>\n<meta property=\"og:locale\" content=\"en_US\" \/>\n<meta property=\"og:type\" content=\"article\" \/>\n<meta property=\"og:title\" content=\"Shop at Owl\u2019s Head - Ski and Golf\" \/>\n<meta property=\"og:description\" content=\"Owl\u2019s Head boutiques are handily located right on the mountain to meet the specialized needs of all our guests!\" \/>\n<meta property=\"og:url\" content=\"https:\/\/owlshead.com\/boutique-de-golf\/\" \/>\n<meta property=\"og:site_name\" content=\"Owl&#039;s Head\" \/>\n<meta property=\"article:publisher\" content=\"https:\/\/www.facebook.com\/owlsheadresort\/\" \/>\n<meta property=\"article:modified_time\" content=\"2023-04-28T17:30:19+00:00\" \/>\n<meta property=\"og:image\" content=\"https:\/\/owlshead.com\/wp-content\/uploads\/2018\/11\/owls-head_header_pendant-votre-sejour_boutique.jpg\" \/>\n\t<meta property=\"og:image:width\" content=\"1024\" \/>\n\t<meta property=\"og:image:height\" content=\"576\" \/>\n\t<meta property=\"og:image:type\" content=\"image\/jpeg\" \/>\n<meta name=\"twitter:card\" content=\"summary_large_image\" \/>\n<script type=\"application\/ld+json\" class=\"yoast-schema-graph\">{\"@context\":\"https:\\\/\\\/schema.org\",\"@graph\":[{\"@type\":\"WebPage\",\"@id\":\"https:\\\/\\\/owlshead.com\\\/boutique-de-golf\\\/\",\"url\":\"https:\\\/\\\/owlshead.com\\\/boutique-de-golf\\\/\",\"name\":\"Shop at Owl\u2019s Head - Ski and Golf\",\"isPartOf\":{\"@id\":\"https:\\\/\\\/owlshead.com\\\/#website\"},\"datePublished\":\"2018-10-18T13:57:14+00:00\",\"dateModified\":\"2023-04-28T17:30:19+00:00\",\"description\":\"Owl\u2019s Head boutiques are handily located right on the mountain to meet the specialized needs of all our guests!\",\"breadcrumb\":{\"@id\":\"https:\\\/\\\/owlshead.com\\\/boutique-de-golf\\\/#breadcrumb\"},\"inLanguage\":\"en-CA\",\"potentialAction\":[{\"@type\":\"ReadAction\",\"target\":[\"https:\\\/\\\/owlshead.com\\\/boutique-de-golf\\\/\"]}]},{\"@type\":\"BreadcrumbList\",\"@id\":\"https:\\\/\\\/owlshead.com\\\/boutique-de-golf\\\/#breadcrumb\",\"itemListElement\":[{\"@type\":\"ListItem\",\"position\":1,\"name\":\"Accueil\",\"item\":\"https:\\\/\\\/owlshead.com\\\/en\\\/\"},{\"@type\":\"ListItem\",\"position\":2,\"name\":\"Golf Shop\"}]},{\"@type\":\"WebSite\",\"@id\":\"https:\\\/\\\/owlshead.com\\\/#website\",\"url\":\"https:\\\/\\\/owlshead.com\\\/\",\"name\":\"Owl&#039;s Head\",\"description\":\"Hiver comme \u00e9t\u00e9, venez vous amusez \u00e0 la montagne\",\"publisher\":{\"@id\":\"https:\\\/\\\/owlshead.com\\\/#organization\"},\"potentialAction\":[{\"@type\":\"SearchAction\",\"target\":{\"@type\":\"EntryPoint\",\"urlTemplate\":\"https:\\\/\\\/owlshead.com\\\/?s={search_term_string}\"},\"query-input\":{\"@type\":\"PropertyValueSpecification\",\"valueRequired\":true,\"valueName\":\"search_term_string\"}}],\"inLanguage\":\"en-CA\"},{\"@type\":\"Organization\",\"@id\":\"https:\\\/\\\/owlshead.com\\\/#organization\",\"name\":\"Owl's Head\",\"url\":\"https:\\\/\\\/owlshead.com\\\/\",\"logo\":{\"@type\":\"ImageObject\",\"inLanguage\":\"en-CA\",\"@id\":\"https:\\\/\\\/owlshead.com\\\/#\\\/schema\\\/logo\\\/image\\\/\",\"url\":\"https:\\\/\\\/owlshead.com\\\/wp-content\\\/uploads\\\/2018\\\/10\\\/owls-head_favicon-1.png\",\"contentUrl\":\"https:\\\/\\\/owlshead.com\\\/wp-content\\\/uploads\\\/2018\\\/10\\\/owls-head_favicon-1.png\",\"width\":1243,\"height\":1243,\"caption\":\"Owl's Head\"},\"image\":{\"@id\":\"https:\\\/\\\/owlshead.com\\\/#\\\/schema\\\/logo\\\/image\\\/\"},\"sameAs\":[\"https:\\\/\\\/www.facebook.com\\\/owlsheadresort\\\/\",\"https:\\\/\\\/www.linkedin.com\\\/company\\\/destination-owl-s-head\\\/\",\"https:\\\/\\\/www.instagram.com\\\/montowlshead\\\/\"]}]}<\/script>\n<!-- \/ Yoast SEO plugin. -->","yoast_head_json":{"title":"Shop at Owl\u2019s Head - Ski and Golf","description":"Owl\u2019s Head boutiques are handily located right on the mountain to meet the specialized needs of all our guests!","robots":{"index":"index","follow":"follow","max-snippet":"max-snippet:-1","max-image-preview":"max-image-preview:large","max-video-preview":"max-video-preview:-1"},"canonical":"https:\/\/owlshead.com\/boutique-de-golf\/","og_locale":"en_US","og_type":"article","og_title":"Shop at Owl\u2019s Head - Ski and Golf","og_description":"Owl\u2019s Head boutiques are handily located right on the mountain to meet the specialized needs of all our guests!","og_url":"https:\/\/owlshead.com\/boutique-de-golf\/","og_site_name":"Owl&#039;s Head","article_publisher":"https:\/\/www.facebook.com\/owlsheadresort\/","article_modified_time":"2023-04-28T17:30:19+00:00","og_image":[{"width":1024,"height":576,"url":"https:\/\/owlshead.com\/wp-content\/uploads\/2018\/11\/owls-head_header_pendant-votre-sejour_boutique.jpg","type":"image\/jpeg"}],"twitter_card":"summary_large_image","schema":{"@context":"https:\/\/schema.org","@graph":[{"@type":"WebPage","@id":"https:\/\/owlshead.com\/boutique-de-golf\/","url":"https:\/\/owlshead.com\/boutique-de-golf\/","name":"Shop at Owl\u2019s Head - Ski and Golf","isPartOf":{"@id":"https:\/\/owlshead.com\/#website"},"datePublished":"2018-10-18T13:57:14+00:00","dateModified":"2023-04-28T17:30:19+00:00","description":"Owl\u2019s Head boutiques are handily located right on the mountain to meet the specialized needs of all our guests!","breadcrumb":{"@id":"https:\/\/owlshead.com\/boutique-de-golf\/#breadcrumb"},"inLanguage":"en-CA","potentialAction":[{"@type":"ReadAction","target":["https:\/\/owlshead.com\/boutique-de-golf\/"]}]},{"@type":"BreadcrumbList","@id":"https:\/\/owlshead.com\/boutique-de-golf\/#breadcrumb","itemListElement":[{"@type":"ListItem","position":1,"name":"Accueil","item":"https:\/\/owlshead.com\/en\/"},{"@type":"ListItem","position":2,"name":"Golf Shop"}]},{"@type":"WebSite","@id":"https:\/\/owlshead.com\/#website","url":"https:\/\/owlshead.com\/","name":"Owl&#039;s Head","description":"Hiver comme \u00e9t\u00e9, venez vous amusez \u00e0 la montagne","publisher":{"@id":"https:\/\/owlshead.com\/#organization"},"potentialAction":[{"@type":"SearchAction","target":{"@type":"EntryPoint","urlTemplate":"https:\/\/owlshead.com\/?s={search_term_string}"},"query-input":{"@type":"PropertyValueSpecification","valueRequired":true,"valueName":"search_term_string"}}],"inLanguage":"en-CA"},{"@type":"Organization","@id":"https:\/\/owlshead.com\/#organization","name":"Owl's Head","url":"https:\/\/owlshead.com\/","logo":{"@type":"ImageObject","inLanguage":"en-CA","@id":"https:\/\/owlshead.com\/#\/schema\/logo\/image\/","url":"https:\/\/owlshead.com\/wp-content\/uploads\/2018\/10\/owls-head_favicon-1.png","contentUrl":"https:\/\/owlshead.com\/wp-content\/uploads\/2018\/10\/owls-head_favicon-1.png","width":1243,"height":1243,"caption":"Owl's Head"},"image":{"@id":"https:\/\/owlshead.com\/#\/schema\/logo\/image\/"},"sameAs":["https:\/\/www.facebook.com\/owlsheadresort\/","https:\/\/www.linkedin.com\/company\/destination-owl-s-head\/","https:\/\/www.instagram.com\/montowlshead\/"]}]}},"taxonomy_info":[],"featured_image_src_large":false,"author_info":{"display_name":"Roxanne Pichette","author_link":"https:\/\/owlshead.com\/en\/author\/roxanne-pichette\/"},"comment_info":0,"_links":{"self":[{"href":"https:\/\/owlshead.com\/en\/wp-json\/wp\/v2\/pages\/2811","targetHints":{"allow":["GET"]}}],"collection":[{"href":"https:\/\/owlshead.com\/en\/wp-json\/wp\/v2\/pages"}],"about":[{"href":"https:\/\/owlshead.com\/en\/wp-json\/wp\/v2\/types\/page"}],"author":[{"embeddable":true,"href":"https:\/\/owlshead.com\/en\/wp-json\/wp\/v2\/users\/50"}],"replies":[{"embeddable":true,"href":"https:\/\/owlshead.com\/en\/wp-json\/wp\/v2\/comments?post=2811"}],"version-history":[{"count":0,"href":"https:\/\/owlshead.com\/en\/wp-json\/wp\/v2\/pages\/2811\/revisions"}],"wp:attachment":[{"href":"https:\/\/owlshead.com\/en\/wp-json\/wp\/v2\/media?parent=2811"}],"curies":[{"name":"wp","href":"https:\/\/api.w.org\/{rel}","templated":true}]}}