{"id":2921,"date":"2018-10-18T16:36:31","date_gmt":"2018-10-18T14:36:31","guid":{"rendered":"https:\/\/owlshead.com\/location-dequipement\/"},"modified":"2026-04-16T10:03:02","modified_gmt":"2026-04-16T14:03:02","slug":"ski-equipment-rental","status":"publish","type":"page","link":"https:\/\/owlshead.com\/en\/ski-equipment-rental\/","title":{"rendered":"Ski equipment rental"},"content":{"rendered":"","protected":false},"excerpt":{"rendered":"","protected":false},"author":50,"featured_media":0,"parent":0,"menu_order":0,"comment_status":"closed","ping_status":"closed","template":"","meta":{"_acf_changed":false,"inline_featured_image":false,"_kad_blocks_custom_css":"","_kad_blocks_head_custom_js":"","_kad_blocks_body_custom_js":"","_kad_blocks_footer_custom_js":"","footnotes":""},"class_list":["post-2921","page","type-page","status-publish","hentry"],"acf":{"blocs_selection":[{"acf_fc_layout":"section_8","section_8_space":["Haut","Bas"],"section_8_bg":{"ID":22506,"id":22506,"title":"DSCF5033","filename":"DSCF5033-scaled-e1698174223934.jpg","filesize":778669,"url":"https:\/\/owlshead.com\/wp-content\/uploads\/2023\/09\/DSCF5033-scaled-e1698174223934.jpg","link":"https:\/\/owlshead.com\/en\/corporate-tickets-and-season-passes\/attachment\/dscf5033-2\/","alt":"","author":"48","description":"","caption":"","name":"dscf5033-2","status":"inherit","uploaded_to":22561,"date":"2023-09-29 14:44:47","modified":"2023-09-29 14:44:47","menu_order":0,"mime_type":"image\/jpeg","type":"image","subtype":"jpeg","icon":"https:\/\/owlshead.com\/wp-includes\/images\/media\/default.png","width":2560,"height":1707,"sizes":{"thumbnail":"https:\/\/owlshead.com\/wp-content\/uploads\/2023\/09\/DSCF5033-scaled-e1698174223934.jpg","thumbnail-width":128,"thumbnail-height":85,"medium":"https:\/\/owlshead.com\/wp-content\/uploads\/2023\/09\/DSCF5033-512x341.jpg","medium-width":512,"medium-height":341,"medium_large":"https:\/\/owlshead.com\/wp-content\/uploads\/2023\/09\/DSCF5033-768x512.jpg","medium_large-width":768,"medium_large-height":512,"large":"https:\/\/owlshead.com\/wp-content\/uploads\/2023\/09\/DSCF5033-1024x683.jpg","large-width":1024,"large-height":683,"1536x1536":"https:\/\/owlshead.com\/wp-content\/uploads\/2023\/09\/DSCF5033-1536x1024.jpg","1536x1536-width":1536,"1536x1536-height":1024,"2048x2048":"https:\/\/owlshead.com\/wp-content\/uploads\/2023\/09\/DSCF5033-2048x1365.jpg","2048x2048-width":2048,"2048x2048-height":1365,"latest":"https:\/\/owlshead.com\/wp-content\/uploads\/2023\/09\/DSCF5033-770x455.jpg","latest-width":770,"latest-height":455,"cta":"https:\/\/owlshead.com\/wp-content\/uploads\/2023\/09\/DSCF5033-680x472.jpg","cta-width":680,"cta-height":472,"slider-promo":"https:\/\/owlshead.com\/wp-content\/uploads\/2023\/09\/DSCF5033-1100x726.jpg","slider-promo-width":1100,"slider-promo-height":726,"image-list":"https:\/\/owlshead.com\/wp-content\/uploads\/2023\/09\/DSCF5033-1115x740.jpg","image-list-width":1115,"image-list-height":740,"banner":"https:\/\/owlshead.com\/wp-content\/uploads\/2023\/09\/DSCF5033-1440x400.jpg","banner-width":1440,"banner-height":400,"square_md":"https:\/\/owlshead.com\/wp-content\/uploads\/2023\/09\/DSCF5033-600x600.jpg","square_md-width":600,"square_md-height":600}},"section_8_title":"","section_8_title_left":false,"section_8_content":"","section_8_link":""},{"acf_fc_layout":"simple_content","simple_content_space":["Haut","Bas"],"simple_content_content":"<h1 style=\"text-align: center;\">Equipment Rental<\/h1>\n"},{"acf_fc_layout":"section_11","bg_center_big_wrap":true,"bg_center_img":false,"bg_center_underline":"","bg_center_title":"","bg_center__content":"<p><span style=\"color: #ff0000;\"> <strong data-start=\"3\" data-end=\"86\">The ski season is now over. Thank you all for a memorable season at Owl\u2019s Head.<\/strong><\/span><\/p>\n<p>It is best to rent your equipment online. This way, you will be sure to receive your equipment when you arrive at the resort and you will avoid waiting in line. It will also be faster when you arrive and you will be able to enjoy the mountain even longer!<\/p>\n<p>&nbsp;<\/p>\n","bg_center_cta":false,"bg_center_space":["Haut","Bas"]},{"acf_fc_layout":"section_6","espace_6_space":["Haut"],"section_6_section_subtitle":"","section_6_repeater":[{"pattern":false,"image":{"ID":22699,"id":22699,"title":"MBP74310","filename":"MBP74310-scaled-e1696519898884.jpg","filesize":613818,"url":"https:\/\/owlshead.com\/wp-content\/uploads\/2023\/10\/MBP74310-scaled-e1696519898884.jpg","link":"https:\/\/owlshead.com\/en\/ski-equipment-rental\/attachment\/mbp74310-2\/","alt":"","author":"48","description":"","caption":"","name":"mbp74310-2","status":"inherit","uploaded_to":2921,"date":"2023-10-05 15:31:09","modified":"2023-10-05 15:31:09","menu_order":0,"mime_type":"image\/jpeg","type":"image","subtype":"jpeg","icon":"https:\/\/owlshead.com\/wp-includes\/images\/media\/default.png","width":2560,"height":1706,"sizes":{"thumbnail":"https:\/\/owlshead.com\/wp-content\/uploads\/2023\/10\/MBP74310-scaled-e1696519898884.jpg","thumbnail-width":128,"thumbnail-height":85,"medium":"https:\/\/owlshead.com\/wp-content\/uploads\/2023\/10\/MBP74310-512x341.jpg","medium-width":512,"medium-height":341,"medium_large":"https:\/\/owlshead.com\/wp-content\/uploads\/2023\/10\/MBP74310-768x512.jpg","medium_large-width":768,"medium_large-height":512,"large":"https:\/\/owlshead.com\/wp-content\/uploads\/2023\/10\/MBP74310-1024x683.jpg","large-width":1024,"large-height":683,"1536x1536":"https:\/\/owlshead.com\/wp-content\/uploads\/2023\/10\/MBP74310-1536x1024.jpg","1536x1536-width":1536,"1536x1536-height":1024,"2048x2048":"https:\/\/owlshead.com\/wp-content\/uploads\/2023\/10\/MBP74310-2048x1365.jpg","2048x2048-width":2048,"2048x2048-height":1365,"latest":"https:\/\/owlshead.com\/wp-content\/uploads\/2023\/10\/MBP74310-770x455.jpg","latest-width":770,"latest-height":455,"cta":"https:\/\/owlshead.com\/wp-content\/uploads\/2023\/10\/MBP74310-680x472.jpg","cta-width":680,"cta-height":472,"slider-promo":"https:\/\/owlshead.com\/wp-content\/uploads\/2023\/10\/MBP74310-1100x726.jpg","slider-promo-width":1100,"slider-promo-height":726,"image-list":"https:\/\/owlshead.com\/wp-content\/uploads\/2023\/10\/MBP74310-1115x740.jpg","image-list-width":1115,"image-list-height":740,"banner":"https:\/\/owlshead.com\/wp-content\/uploads\/2023\/10\/MBP74310-1440x400.jpg","banner-width":1440,"banner-height":400,"square_md":"https:\/\/owlshead.com\/wp-content\/uploads\/2023\/10\/MBP74310-600x600.jpg","square_md-width":600,"square_md-height":600}},"titre":"","sous-titre":"","contenu":"<h2>Equipment for all<\/h2>\n<p>&nbsp;<\/p>\n<p>You don&#8217;t have your equipment, but you want to take advantage of our ski trails? Our rental center has everything you need for your day at Owl\u2019s Head. Our equipment ranging from simple helmets to snowboards are in perfect condition and have been carefully selected to guarantee you an unparalleled experience. You have no more excuses for not having fun in the snow this winter!<\/p>\n","cta":"","reverse":false,"link":""}]},{"acf_fc_layout":"prices","title":"Complete equipment - Winter 2025-26","categories":[{"name":"Adult (18 and over)"},{"name":"Student (13 - 25)"},{"name":"Junior (6 - 12)"},{"name":"Kid (5 and under)"}],"dates":[{"date":"","title":"Full day rental","prices":[{"price":"$58.00"},{"price":"$49.00"},{"price":"$37.00"},{"price":"$23.00"}]},{"date":"","title":"Half-day rental (after 12 p.m.)","prices":[{"price":"$47.00"},{"price":"$39.00"},{"price":"$31.00"},{"price":"$18.00"}]},{"date":"","title":"2-day rental or more","prices":[{"price":"Starting at $105.00"},{"price":"Starting at $88.00"},{"price":"Starting at $68.00"},{"price":"Starting at $41.00"}]}],"button":""},{"acf_fc_layout":"prices","title":"Skis or snowboard - WINTER 2025-26","categories":[{"name":"Adult (18 and over)"},{"name":"Student (13 - 25)"},{"name":"Junior (6 - 12)"},{"name":"Kid (5 and under)"}],"dates":[{"date":"","title":"Full day rental","prices":[{"price":"$43.00"},{"price":"$34.00"},{"price":"$27.00"},{"price":"$20.00"}]},{"date":"","title":"Half day rental (after 12 p.m.)","prices":[{"price":"$34.00"},{"price":"$29.00"},{"price":"$24.00"},{"price":"$16.00"}]},{"date":"","title":"2-day rental","prices":[{"price":"$77.00"},{"price":"$63.00"},{"price":"$51.00"},{"price":"$36.00"}]}],"button":""},{"acf_fc_layout":"prices","title":"Ski or snowboard boots - WINTER 2025-26","categories":[{"name":"Adult (18 and over)"},{"name":"Student (13 - 25)"},{"name":"Junior (6 - 12)"},{"name":"Kid (5 and under)"}],"dates":[{"date":"","title":"Full day rental","prices":[{"price":"$30.00"},{"price":"$24.00"},{"price":"$20.00"},{"price":"$17.00"}]},{"date":"","title":"Half day rental (after 12 p.m.)","prices":[{"price":"$24.00"},{"price":"$20.00"},{"price":"$17.00"},{"price":"$14.00"}]},{"date":"","title":"2-day rental","prices":[{"price":"$54.00"},{"price":"$44.00"},{"price":"$37.00"},{"price":"$31.00"}]}],"button":""},{"acf_fc_layout":"prices","title":"Accessories","categories":[{"name":"Ski goggles"},{"name":"Helmet"},{"name":"Poles"}],"dates":[{"date":"","title":"Full day","prices":[{"price":"$16.00"},{"price":"$16.00"},{"price":"$16.00"}]}],"button":""},{"acf_fc_layout":"section_11","bg_center_big_wrap":true,"bg_center_img":false,"bg_center_underline":"","bg_center_title":"","bg_center__content":"<p>&nbsp;<\/p>\n<p style=\"text-align: center;\"><strong>In person rental only<\/strong><\/p>\n","bg_center_cta":false,"bg_center_space":["Haut","Bas"]},{"acf_fc_layout":"diamond","diamond_title":"Other rates","section_icones":[{"icone":{"ID":302,"id":302,"title":"icon_blanc_lecons","filename":"icon_blanc_lecons.svg","filesize":2829,"url":"https:\/\/owlshead.com\/wp-content\/uploads\/2018\/10\/icon_blanc_lecons.svg","link":"https:\/\/owlshead.com\/en\/ski-equipment-rental\/attachment\/icon_blanc_lecons-2\/","alt":"owls head lecons","author":"50","description":"","caption":"","name":"icon_blanc_lecons-2","status":"inherit","uploaded_to":2921,"date":"2018-10-16 14:55:42","modified":"2023-10-05 15:32:24","menu_order":0,"mime_type":"image\/svg+xml","type":"image","subtype":"svg+xml","icon":"https:\/\/owlshead.com\/wp-includes\/images\/media\/default.png","width":1,"height":1,"sizes":{"thumbnail":"https:\/\/owlshead.com\/wp-content\/uploads\/2018\/10\/icon_blanc_lecons.svg","thumbnail-width":1,"thumbnail-height":1,"medium":"https:\/\/owlshead.com\/wp-content\/uploads\/2018\/10\/icon_blanc_lecons.svg","medium-width":1,"medium-height":1,"medium_large":"https:\/\/owlshead.com\/wp-content\/uploads\/2018\/10\/icon_blanc_lecons.svg","medium_large-width":1,"medium_large-height":1,"large":"https:\/\/owlshead.com\/wp-content\/uploads\/2018\/10\/icon_blanc_lecons.svg","large-width":1,"large-height":1,"1536x1536":"https:\/\/owlshead.com\/wp-content\/uploads\/2018\/10\/icon_blanc_lecons.svg","1536x1536-width":1,"1536x1536-height":1,"2048x2048":"https:\/\/owlshead.com\/wp-content\/uploads\/2018\/10\/icon_blanc_lecons.svg","2048x2048-width":1,"2048x2048-height":1,"latest":"https:\/\/owlshead.com\/wp-content\/uploads\/2018\/10\/icon_blanc_lecons.svg","latest-width":1,"latest-height":1,"cta":"https:\/\/owlshead.com\/wp-content\/uploads\/2018\/10\/icon_blanc_lecons.svg","cta-width":1,"cta-height":1,"slider-promo":"https:\/\/owlshead.com\/wp-content\/uploads\/2018\/10\/icon_blanc_lecons.svg","slider-promo-width":1,"slider-promo-height":1,"image-list":"https:\/\/owlshead.com\/wp-content\/uploads\/2018\/10\/icon_blanc_lecons.svg","image-list-width":1,"image-list-height":1,"banner":"https:\/\/owlshead.com\/wp-content\/uploads\/2018\/10\/icon_blanc_lecons.svg","banner-width":1,"banner-height":1,"square_md":"https:\/\/owlshead.com\/wp-content\/uploads\/2018\/10\/icon_blanc_lecons.svg","square_md-width":1,"square_md-height":1}},"texte":"SKI SCHOOL","lien":{"title":"","url":"https:\/\/owlshead.com\/en\/snow-school-2\/","target":""},"width":"49"},{"icone":{"ID":1295,"id":1295,"title":"icon_blanc_carte-des-pistes","filename":"icon_blanc_carte-des-pistes.svg","filesize":1882,"url":"https:\/\/owlshead.com\/wp-content\/uploads\/2018\/10\/icon_blanc_carte-des-pistes.svg","link":"https:\/\/owlshead.com\/en\/snow-school-rates\/attachment\/icon_blanc_carte-des-pistes-2\/","alt":"owls head tarifs ski carte des pistes","author":"50","description":"","caption":"","name":"icon_blanc_carte-des-pistes-2","status":"inherit","uploaded_to":2982,"date":"2018-10-23 14:24:40","modified":"2018-10-23 14:24:53","menu_order":0,"mime_type":"image\/svg+xml","type":"image","subtype":"svg+xml","icon":"https:\/\/owlshead.com\/wp-includes\/images\/media\/default.png","width":1,"height":1,"sizes":{"thumbnail":"https:\/\/owlshead.com\/wp-content\/uploads\/2018\/10\/icon_blanc_carte-des-pistes.svg","thumbnail-width":1,"thumbnail-height":1,"medium":"https:\/\/owlshead.com\/wp-content\/uploads\/2018\/10\/icon_blanc_carte-des-pistes.svg","medium-width":1,"medium-height":1,"medium_large":"https:\/\/owlshead.com\/wp-content\/uploads\/2018\/10\/icon_blanc_carte-des-pistes.svg","medium_large-width":1,"medium_large-height":1,"large":"https:\/\/owlshead.com\/wp-content\/uploads\/2018\/10\/icon_blanc_carte-des-pistes.svg","large-width":1,"large-height":1,"1536x1536":"https:\/\/owlshead.com\/wp-content\/uploads\/2018\/10\/icon_blanc_carte-des-pistes.svg","1536x1536-width":1,"1536x1536-height":1,"2048x2048":"https:\/\/owlshead.com\/wp-content\/uploads\/2018\/10\/icon_blanc_carte-des-pistes.svg","2048x2048-width":1,"2048x2048-height":1,"latest":"https:\/\/owlshead.com\/wp-content\/uploads\/2018\/10\/icon_blanc_carte-des-pistes.svg","latest-width":1,"latest-height":1,"cta":"https:\/\/owlshead.com\/wp-content\/uploads\/2018\/10\/icon_blanc_carte-des-pistes.svg","cta-width":1,"cta-height":1,"slider-promo":"https:\/\/owlshead.com\/wp-content\/uploads\/2018\/10\/icon_blanc_carte-des-pistes.svg","slider-promo-width":1,"slider-promo-height":1,"image-list":"https:\/\/owlshead.com\/wp-content\/uploads\/2018\/10\/icon_blanc_carte-des-pistes.svg","image-list-width":1,"image-list-height":1,"banner":"https:\/\/owlshead.com\/wp-content\/uploads\/2018\/10\/icon_blanc_carte-des-pistes.svg","banner-width":1,"banner-height":1,"square_md":"https:\/\/owlshead.com\/wp-content\/uploads\/2018\/10\/icon_blanc_carte-des-pistes.svg","square_md-width":1,"square_md-height":1}},"texte":"SKI","lien":{"title":"","url":"https:\/\/owlshead.com\/en\/ski-rates\/","target":""},"width":"40"},{"icone":{"ID":1282,"id":1282,"title":"icon_blanc_forfaits","filename":"icon_blanc_forfaits.svg","filesize":839,"url":"https:\/\/owlshead.com\/wp-content\/uploads\/2018\/10\/icon_blanc_forfaits.svg","link":"https:\/\/owlshead.com\/en\/ski-equipment-rental\/attachment\/icon_blanc_forfaits-2\/","alt":"owls head forfaits tarifs","author":"50","description":"","caption":"","name":"icon_blanc_forfaits-2","status":"inherit","uploaded_to":2921,"date":"2018-10-23 14:07:57","modified":"2023-10-05 15:32:24","menu_order":0,"mime_type":"image\/svg+xml","type":"image","subtype":"svg+xml","icon":"https:\/\/owlshead.com\/wp-includes\/images\/media\/default.png","width":1,"height":1,"sizes":{"thumbnail":"https:\/\/owlshead.com\/wp-content\/uploads\/2018\/10\/icon_blanc_forfaits.svg","thumbnail-width":1,"thumbnail-height":1,"medium":"https:\/\/owlshead.com\/wp-content\/uploads\/2018\/10\/icon_blanc_forfaits.svg","medium-width":1,"medium-height":1,"medium_large":"https:\/\/owlshead.com\/wp-content\/uploads\/2018\/10\/icon_blanc_forfaits.svg","medium_large-width":1,"medium_large-height":1,"large":"https:\/\/owlshead.com\/wp-content\/uploads\/2018\/10\/icon_blanc_forfaits.svg","large-width":1,"large-height":1,"1536x1536":"https:\/\/owlshead.com\/wp-content\/uploads\/2018\/10\/icon_blanc_forfaits.svg","1536x1536-width":1,"1536x1536-height":1,"2048x2048":"https:\/\/owlshead.com\/wp-content\/uploads\/2018\/10\/icon_blanc_forfaits.svg","2048x2048-width":1,"2048x2048-height":1,"latest":"https:\/\/owlshead.com\/wp-content\/uploads\/2018\/10\/icon_blanc_forfaits.svg","latest-width":1,"latest-height":1,"cta":"https:\/\/owlshead.com\/wp-content\/uploads\/2018\/10\/icon_blanc_forfaits.svg","cta-width":1,"cta-height":1,"slider-promo":"https:\/\/owlshead.com\/wp-content\/uploads\/2018\/10\/icon_blanc_forfaits.svg","slider-promo-width":1,"slider-promo-height":1,"image-list":"https:\/\/owlshead.com\/wp-content\/uploads\/2018\/10\/icon_blanc_forfaits.svg","image-list-width":1,"image-list-height":1,"banner":"https:\/\/owlshead.com\/wp-content\/uploads\/2018\/10\/icon_blanc_forfaits.svg","banner-width":1,"banner-height":1,"square_md":"https:\/\/owlshead.com\/wp-content\/uploads\/2018\/10\/icon_blanc_forfaits.svg","square_md-width":1,"square_md-height":1}},"texte":"PROMOTIONS","lien":{"title":"","url":"https:\/\/owlshead.com\/en\/ski-promotion-rates\/","target":""},"width":"28"}],"nb_icones":"3","diamond_content":"","diamond_contrast":false,"diamond_bg":false,"diamond_underline":"","diamond_btn_cta":"","diamond_btn_cta_below":false}],"menu_language_white":false},"yoast_head":"<!-- This site is optimized with the Yoast SEO plugin v27.6 - https:\/\/yoast.com\/product\/yoast-seo-wordpress\/ -->\n<title>Owl\u2019s Head Equipment Rental Centre<\/title>\n<meta name=\"description\" content=\"Don\u2019t have your own equipment but want to take a spin on the slopes? Our rental centre has everything you need.\" \/>\n<meta name=\"robots\" content=\"index, follow, max-snippet:-1, max-image-preview:large, max-video-preview:-1\" \/>\n<link rel=\"canonical\" href=\"https:\/\/owlshead.com\/en\/ski-equipment-rental\/\" \/>\n<meta property=\"og:locale\" content=\"en_US\" \/>\n<meta property=\"og:type\" content=\"article\" \/>\n<meta property=\"og:title\" content=\"Owl\u2019s Head Equipment Rental Centre\" \/>\n<meta property=\"og:description\" content=\"Don\u2019t have your own equipment but want to take a spin on the slopes? Our rental centre has everything you need.\" \/>\n<meta property=\"og:url\" content=\"https:\/\/owlshead.com\/en\/ski-equipment-rental\/\" \/>\n<meta property=\"og:site_name\" content=\"Owl&#039;s Head\" \/>\n<meta property=\"article:publisher\" content=\"https:\/\/www.facebook.com\/owlsheadresort\/\" \/>\n<meta property=\"article:modified_time\" content=\"2026-04-16T14:03:02+00:00\" \/>\n<meta name=\"twitter:card\" content=\"summary_large_image\" \/>\n<script type=\"application\/ld+json\" class=\"yoast-schema-graph\">{\"@context\":\"https:\\\/\\\/schema.org\",\"@graph\":[{\"@type\":\"WebPage\",\"@id\":\"https:\\\/\\\/owlshead.com\\\/en\\\/ski-equipment-rental\\\/\",\"url\":\"https:\\\/\\\/owlshead.com\\\/en\\\/ski-equipment-rental\\\/\",\"name\":\"Owl\u2019s Head Equipment Rental Centre\",\"isPartOf\":{\"@id\":\"https:\\\/\\\/owlshead.com\\\/#website\"},\"datePublished\":\"2018-10-18T14:36:31+00:00\",\"dateModified\":\"2026-04-16T14:03:02+00:00\",\"description\":\"Don\u2019t have your own equipment but want to take a spin on the slopes? Our rental centre has everything you need.\",\"breadcrumb\":{\"@id\":\"https:\\\/\\\/owlshead.com\\\/en\\\/ski-equipment-rental\\\/#breadcrumb\"},\"inLanguage\":\"en-CA\",\"potentialAction\":[{\"@type\":\"ReadAction\",\"target\":[\"https:\\\/\\\/owlshead.com\\\/en\\\/ski-equipment-rental\\\/\"]}]},{\"@type\":\"BreadcrumbList\",\"@id\":\"https:\\\/\\\/owlshead.com\\\/en\\\/ski-equipment-rental\\\/#breadcrumb\",\"itemListElement\":[{\"@type\":\"ListItem\",\"position\":1,\"name\":\"Accueil\",\"item\":\"https:\\\/\\\/owlshead.com\\\/en\\\/\"},{\"@type\":\"ListItem\",\"position\":2,\"name\":\"Ski equipment rental\"}]},{\"@type\":\"WebSite\",\"@id\":\"https:\\\/\\\/owlshead.com\\\/#website\",\"url\":\"https:\\\/\\\/owlshead.com\\\/\",\"name\":\"Owl&#039;s Head\",\"description\":\"Hiver comme \u00e9t\u00e9, venez vous amusez \u00e0 la montagne\",\"publisher\":{\"@id\":\"https:\\\/\\\/owlshead.com\\\/#organization\"},\"potentialAction\":[{\"@type\":\"SearchAction\",\"target\":{\"@type\":\"EntryPoint\",\"urlTemplate\":\"https:\\\/\\\/owlshead.com\\\/?s={search_term_string}\"},\"query-input\":{\"@type\":\"PropertyValueSpecification\",\"valueRequired\":true,\"valueName\":\"search_term_string\"}}],\"inLanguage\":\"en-CA\"},{\"@type\":\"Organization\",\"@id\":\"https:\\\/\\\/owlshead.com\\\/#organization\",\"name\":\"Owl's Head\",\"url\":\"https:\\\/\\\/owlshead.com\\\/\",\"logo\":{\"@type\":\"ImageObject\",\"inLanguage\":\"en-CA\",\"@id\":\"https:\\\/\\\/owlshead.com\\\/#\\\/schema\\\/logo\\\/image\\\/\",\"url\":\"https:\\\/\\\/owlshead.com\\\/wp-content\\\/uploads\\\/2018\\\/10\\\/owls-head_favicon-1.png\",\"contentUrl\":\"https:\\\/\\\/owlshead.com\\\/wp-content\\\/uploads\\\/2018\\\/10\\\/owls-head_favicon-1.png\",\"width\":1243,\"height\":1243,\"caption\":\"Owl's Head\"},\"image\":{\"@id\":\"https:\\\/\\\/owlshead.com\\\/#\\\/schema\\\/logo\\\/image\\\/\"},\"sameAs\":[\"https:\\\/\\\/www.facebook.com\\\/owlsheadresort\\\/\",\"https:\\\/\\\/www.linkedin.com\\\/company\\\/destination-owl-s-head\\\/\",\"https:\\\/\\\/www.instagram.com\\\/montowlshead\\\/\"]}]}<\/script>\n<!-- \/ Yoast SEO plugin. -->","yoast_head_json":{"title":"Owl\u2019s Head Equipment Rental Centre","description":"Don\u2019t have your own equipment but want to take a spin on the slopes? Our rental centre has everything you need.","robots":{"index":"index","follow":"follow","max-snippet":"max-snippet:-1","max-image-preview":"max-image-preview:large","max-video-preview":"max-video-preview:-1"},"canonical":"https:\/\/owlshead.com\/en\/ski-equipment-rental\/","og_locale":"en_US","og_type":"article","og_title":"Owl\u2019s Head Equipment Rental Centre","og_description":"Don\u2019t have your own equipment but want to take a spin on the slopes? Our rental centre has everything you need.","og_url":"https:\/\/owlshead.com\/en\/ski-equipment-rental\/","og_site_name":"Owl&#039;s Head","article_publisher":"https:\/\/www.facebook.com\/owlsheadresort\/","article_modified_time":"2026-04-16T14:03:02+00:00","twitter_card":"summary_large_image","schema":{"@context":"https:\/\/schema.org","@graph":[{"@type":"WebPage","@id":"https:\/\/owlshead.com\/en\/ski-equipment-rental\/","url":"https:\/\/owlshead.com\/en\/ski-equipment-rental\/","name":"Owl\u2019s Head Equipment Rental Centre","isPartOf":{"@id":"https:\/\/owlshead.com\/#website"},"datePublished":"2018-10-18T14:36:31+00:00","dateModified":"2026-04-16T14:03:02+00:00","description":"Don\u2019t have your own equipment but want to take a spin on the slopes? Our rental centre has everything you need.","breadcrumb":{"@id":"https:\/\/owlshead.com\/en\/ski-equipment-rental\/#breadcrumb"},"inLanguage":"en-CA","potentialAction":[{"@type":"ReadAction","target":["https:\/\/owlshead.com\/en\/ski-equipment-rental\/"]}]},{"@type":"BreadcrumbList","@id":"https:\/\/owlshead.com\/en\/ski-equipment-rental\/#breadcrumb","itemListElement":[{"@type":"ListItem","position":1,"name":"Accueil","item":"https:\/\/owlshead.com\/en\/"},{"@type":"ListItem","position":2,"name":"Ski equipment rental"}]},{"@type":"WebSite","@id":"https:\/\/owlshead.com\/#website","url":"https:\/\/owlshead.com\/","name":"Owl&#039;s Head","description":"Hiver comme \u00e9t\u00e9, venez vous amusez \u00e0 la montagne","publisher":{"@id":"https:\/\/owlshead.com\/#organization"},"potentialAction":[{"@type":"SearchAction","target":{"@type":"EntryPoint","urlTemplate":"https:\/\/owlshead.com\/?s={search_term_string}"},"query-input":{"@type":"PropertyValueSpecification","valueRequired":true,"valueName":"search_term_string"}}],"inLanguage":"en-CA"},{"@type":"Organization","@id":"https:\/\/owlshead.com\/#organization","name":"Owl's Head","url":"https:\/\/owlshead.com\/","logo":{"@type":"ImageObject","inLanguage":"en-CA","@id":"https:\/\/owlshead.com\/#\/schema\/logo\/image\/","url":"https:\/\/owlshead.com\/wp-content\/uploads\/2018\/10\/owls-head_favicon-1.png","contentUrl":"https:\/\/owlshead.com\/wp-content\/uploads\/2018\/10\/owls-head_favicon-1.png","width":1243,"height":1243,"caption":"Owl's Head"},"image":{"@id":"https:\/\/owlshead.com\/#\/schema\/logo\/image\/"},"sameAs":["https:\/\/www.facebook.com\/owlsheadresort\/","https:\/\/www.linkedin.com\/company\/destination-owl-s-head\/","https:\/\/www.instagram.com\/montowlshead\/"]}]}},"taxonomy_info":[],"featured_image_src_large":false,"author_info":{"display_name":"Roxanne Pichette","author_link":"https:\/\/owlshead.com\/en\/author\/roxanne-pichette\/"},"comment_info":0,"_links":{"self":[{"href":"https:\/\/owlshead.com\/en\/wp-json\/wp\/v2\/pages\/2921","targetHints":{"allow":["GET"]}}],"collection":[{"href":"https:\/\/owlshead.com\/en\/wp-json\/wp\/v2\/pages"}],"about":[{"href":"https:\/\/owlshead.com\/en\/wp-json\/wp\/v2\/types\/page"}],"author":[{"embeddable":true,"href":"https:\/\/owlshead.com\/en\/wp-json\/wp\/v2\/users\/50"}],"replies":[{"embeddable":true,"href":"https:\/\/owlshead.com\/en\/wp-json\/wp\/v2\/comments?post=2921"}],"version-history":[{"count":7,"href":"https:\/\/owlshead.com\/en\/wp-json\/wp\/v2\/pages\/2921\/revisions"}],"predecessor-version":[{"id":36868,"href":"https:\/\/owlshead.com\/en\/wp-json\/wp\/v2\/pages\/2921\/revisions\/36868"}],"wp:attachment":[{"href":"https:\/\/owlshead.com\/en\/wp-json\/wp\/v2\/media?parent=2921"}],"curies":[{"name":"wp","href":"https:\/\/api.w.org\/{rel}","templated":true}]}}