{"id":7804,"date":"2020-07-08T19:43:36","date_gmt":"2020-07-08T17:43:36","guid":{"rendered":"https:\/\/owlshead.com\/?page_id=7804"},"modified":"2026-04-20T09:18:29","modified_gmt":"2026-04-20T13:18:29","slug":"private-and-semi-private-golf-lessons","status":"publish","type":"page","link":"https:\/\/owlshead.com\/en\/private-and-semi-private-golf-lessons\/","title":{"rendered":"Private and semi-private golf lessons"},"content":{"rendered":"","protected":false},"excerpt":{"rendered":"","protected":false},"author":50,"featured_media":0,"parent":0,"menu_order":0,"comment_status":"closed","ping_status":"closed","template":"","meta":{"_acf_changed":false,"inline_featured_image":false,"_kad_blocks_custom_css":"","_kad_blocks_head_custom_js":"","_kad_blocks_body_custom_js":"","_kad_blocks_footer_custom_js":"","footnotes":""},"class_list":["post-7804","page","type-page","status-publish","hentry"],"acf":{"blocs_selection":[{"acf_fc_layout":"section_11","bg_center_big_wrap":true,"bg_center_img":false,"bg_center_underline":"","bg_center_title":"Private or<br>semi-private lessons","bg_center__content":"<p>&nbsp;<\/p>\n<p>Our private and semi-private lessons are offered for all types of players, regardless of their level. During our lessons, you will learn the basics of golf, how to control your swing and your shots, or even how to perfect your technique and break some bad habits. One thing is for sure, you will come out of these lessons even better than when you arrived!<\/p>\n<p>Contact our golf professionals directly to register.<\/p>\n","bg_center_cta":[{"texte":"Sign up","liens":"mailto:golfpro@owlshead.com"}],"bg_center_space":[]},{"acf_fc_layout":"simple_content","simple_content_space":[],"simple_content_content":"<p><img decoding=\"async\" src=\"https:\/\/owlshead.com\/wp-content\/uploads\/2020\/07\/shutterstock_1099640564-e1626115389943-scaled-e1682708410882-1024x514.jpg\" \/><\/p>\n"},{"acf_fc_layout":"prices","title":"Private lessons*","categories":[{"name":"Member"},{"name":"Non-member"}],"dates":[{"date":"","title":"1 lesson of 40 minutes","prices":[{"price":"$65.00"},{"price":"$75.00"}]},{"date":"","title":"5 lessons of 40 minutes","prices":[{"price":"$280.00"},{"price":"$330.00"}]}],"button":""},{"acf_fc_layout":"prices","title":"Semi-private lessons*","categories":[{"name":"In duo, 1 lesson of 60 minutes"},{"name":"In duo, 5 lessons of 60 minutes"},{"name":"In 3some, 1 lesson of 60 minutes"},{"name":"In 3some, 5 lessons of 60 minutes"},{"name":"In 4some, 1 lesson of 60 minutes"},{"name":"In 4some, 5 lessons of 60 minutes"}],"dates":[{"date":"","title":"Member","prices":[{"price":"$52.50 \/ person"},{"price":"$220.00 \/ person"},{"price":"$40.00 \/ person"},{"price":"$160.00 \/ person"},{"price":"$35.00 \/ person"},{"price":"$140.00 \/ person"}]},{"date":"","title":"Non-member","prices":[{"price":"$62.50 \/ person"},{"price":"$260.00 \/ person"},{"price":"$50.00 \/ person"},{"price":"$200.00 \/ person"},{"price":"$40.00 \/ person"},{"price":"$160.00 \/ person"}]}],"button":""},{"acf_fc_layout":"section_13","section_13_space":[],"section_13_underline":"Game lessons","section_13_title":"","section_13_repeater":[{"section_13_listes":"Warm-up, 2-hour round and balance sheet"},{"section_13_listes":"Prices do not include green fees and cart rental fees (if applicable)"}]},{"acf_fc_layout":"prices","title":"","categories":[{"name":"Private"},{"name":"In duo"},{"name":"in 3some"}],"dates":[{"date":"","title":"Member","prices":[{"price":"$150.00"},{"price":"$120.00 \/ person"},{"price":"$100.00 \/ person"}]},{"date":"","title":"Non-member","prices":[{"price":"$175.00"},{"price":"$140.00 \/ person"},{"price":"$120.00 \/ person"}]}],"button":""},{"acf_fc_layout":"simple_content","simple_content_space":["Haut","Bas"],"simple_content_content":"<h3><strong><span style=\"color: #ff0000;\">FOR MORE INFORMATION OR REGISTRATION<\/span><\/strong><\/h3>\n<hr \/>\n<p>Contact our golf professionals, <strong>St\u00e9phane Cartier, Mathieu Bernier <\/strong>and<strong> Martin Drolet<\/strong>:<\/p>\n<p>By phone: 450 292-3342 #120<\/p>\n<p>By email: <a href=\"mailto:golfpro@owlshead.com\">golfpro@owlshead.com<\/a><\/p>\n<p>&nbsp;<\/p>\n<p>* Pricing valid for the 2026 season. Rates indicated are subject to change without notice. All prices are in Canadian dollars. Discounts cannot be combined. The prices displayed on this page include taxes and balls. Certain conditions apply. Mandatory reservation.<\/p>\n"}],"menu_language_white":false},"yoast_head":"<!-- This site is optimized with the Yoast SEO plugin v27.6 - https:\/\/yoast.com\/product\/yoast-seo-wordpress\/ -->\n<title>Private and semi-private golf lessons - Owl&#039;s Head<\/title>\n<meta name=\"robots\" content=\"index, follow, max-snippet:-1, max-image-preview:large, max-video-preview:-1\" \/>\n<link rel=\"canonical\" href=\"https:\/\/owlshead.com\/en\/private-and-semi-private-golf-lessons\/\" \/>\n<meta property=\"og:locale\" content=\"en_US\" \/>\n<meta property=\"og:type\" content=\"article\" \/>\n<meta property=\"og:title\" content=\"Private and semi-private golf lessons - Owl&#039;s Head\" \/>\n<meta property=\"og:url\" content=\"https:\/\/owlshead.com\/en\/private-and-semi-private-golf-lessons\/\" \/>\n<meta property=\"og:site_name\" content=\"Owl&#039;s Head\" \/>\n<meta property=\"article:publisher\" content=\"https:\/\/www.facebook.com\/owlsheadresort\/\" \/>\n<meta property=\"article:modified_time\" content=\"2026-04-20T13:18:29+00:00\" \/>\n<meta name=\"twitter:card\" content=\"summary_large_image\" \/>\n<script type=\"application\/ld+json\" class=\"yoast-schema-graph\">{\"@context\":\"https:\\\/\\\/schema.org\",\"@graph\":[{\"@type\":\"WebPage\",\"@id\":\"https:\\\/\\\/owlshead.com\\\/en\\\/private-and-semi-private-golf-lessons\\\/\",\"url\":\"https:\\\/\\\/owlshead.com\\\/en\\\/private-and-semi-private-golf-lessons\\\/\",\"name\":\"Private and semi-private golf lessons - Owl&#039;s Head\",\"isPartOf\":{\"@id\":\"https:\\\/\\\/owlshead.com\\\/#website\"},\"datePublished\":\"2020-07-08T17:43:36+00:00\",\"dateModified\":\"2026-04-20T13:18:29+00:00\",\"breadcrumb\":{\"@id\":\"https:\\\/\\\/owlshead.com\\\/en\\\/private-and-semi-private-golf-lessons\\\/#breadcrumb\"},\"inLanguage\":\"en-CA\",\"potentialAction\":[{\"@type\":\"ReadAction\",\"target\":[\"https:\\\/\\\/owlshead.com\\\/en\\\/private-and-semi-private-golf-lessons\\\/\"]}]},{\"@type\":\"BreadcrumbList\",\"@id\":\"https:\\\/\\\/owlshead.com\\\/en\\\/private-and-semi-private-golf-lessons\\\/#breadcrumb\",\"itemListElement\":[{\"@type\":\"ListItem\",\"position\":1,\"name\":\"Accueil\",\"item\":\"https:\\\/\\\/owlshead.com\\\/en\\\/\"},{\"@type\":\"ListItem\",\"position\":2,\"name\":\"Private and semi-private golf lessons\"}]},{\"@type\":\"WebSite\",\"@id\":\"https:\\\/\\\/owlshead.com\\\/#website\",\"url\":\"https:\\\/\\\/owlshead.com\\\/\",\"name\":\"Owl&#039;s Head\",\"description\":\"Hiver comme \u00e9t\u00e9, venez vous amusez \u00e0 la montagne\",\"publisher\":{\"@id\":\"https:\\\/\\\/owlshead.com\\\/#organization\"},\"potentialAction\":[{\"@type\":\"SearchAction\",\"target\":{\"@type\":\"EntryPoint\",\"urlTemplate\":\"https:\\\/\\\/owlshead.com\\\/?s={search_term_string}\"},\"query-input\":{\"@type\":\"PropertyValueSpecification\",\"valueRequired\":true,\"valueName\":\"search_term_string\"}}],\"inLanguage\":\"en-CA\"},{\"@type\":\"Organization\",\"@id\":\"https:\\\/\\\/owlshead.com\\\/#organization\",\"name\":\"Owl's Head\",\"url\":\"https:\\\/\\\/owlshead.com\\\/\",\"logo\":{\"@type\":\"ImageObject\",\"inLanguage\":\"en-CA\",\"@id\":\"https:\\\/\\\/owlshead.com\\\/#\\\/schema\\\/logo\\\/image\\\/\",\"url\":\"https:\\\/\\\/owlshead.com\\\/wp-content\\\/uploads\\\/2018\\\/10\\\/owls-head_favicon-1.png\",\"contentUrl\":\"https:\\\/\\\/owlshead.com\\\/wp-content\\\/uploads\\\/2018\\\/10\\\/owls-head_favicon-1.png\",\"width\":1243,\"height\":1243,\"caption\":\"Owl's Head\"},\"image\":{\"@id\":\"https:\\\/\\\/owlshead.com\\\/#\\\/schema\\\/logo\\\/image\\\/\"},\"sameAs\":[\"https:\\\/\\\/www.facebook.com\\\/owlsheadresort\\\/\",\"https:\\\/\\\/www.linkedin.com\\\/company\\\/destination-owl-s-head\\\/\",\"https:\\\/\\\/www.instagram.com\\\/montowlshead\\\/\"]}]}<\/script>\n<!-- \/ Yoast SEO plugin. -->","yoast_head_json":{"title":"Private and semi-private golf lessons - Owl&#039;s Head","robots":{"index":"index","follow":"follow","max-snippet":"max-snippet:-1","max-image-preview":"max-image-preview:large","max-video-preview":"max-video-preview:-1"},"canonical":"https:\/\/owlshead.com\/en\/private-and-semi-private-golf-lessons\/","og_locale":"en_US","og_type":"article","og_title":"Private and semi-private golf lessons - Owl&#039;s Head","og_url":"https:\/\/owlshead.com\/en\/private-and-semi-private-golf-lessons\/","og_site_name":"Owl&#039;s Head","article_publisher":"https:\/\/www.facebook.com\/owlsheadresort\/","article_modified_time":"2026-04-20T13:18:29+00:00","twitter_card":"summary_large_image","schema":{"@context":"https:\/\/schema.org","@graph":[{"@type":"WebPage","@id":"https:\/\/owlshead.com\/en\/private-and-semi-private-golf-lessons\/","url":"https:\/\/owlshead.com\/en\/private-and-semi-private-golf-lessons\/","name":"Private and semi-private golf lessons - Owl&#039;s Head","isPartOf":{"@id":"https:\/\/owlshead.com\/#website"},"datePublished":"2020-07-08T17:43:36+00:00","dateModified":"2026-04-20T13:18:29+00:00","breadcrumb":{"@id":"https:\/\/owlshead.com\/en\/private-and-semi-private-golf-lessons\/#breadcrumb"},"inLanguage":"en-CA","potentialAction":[{"@type":"ReadAction","target":["https:\/\/owlshead.com\/en\/private-and-semi-private-golf-lessons\/"]}]},{"@type":"BreadcrumbList","@id":"https:\/\/owlshead.com\/en\/private-and-semi-private-golf-lessons\/#breadcrumb","itemListElement":[{"@type":"ListItem","position":1,"name":"Accueil","item":"https:\/\/owlshead.com\/en\/"},{"@type":"ListItem","position":2,"name":"Private and semi-private golf lessons"}]},{"@type":"WebSite","@id":"https:\/\/owlshead.com\/#website","url":"https:\/\/owlshead.com\/","name":"Owl&#039;s Head","description":"Hiver comme \u00e9t\u00e9, venez vous amusez \u00e0 la montagne","publisher":{"@id":"https:\/\/owlshead.com\/#organization"},"potentialAction":[{"@type":"SearchAction","target":{"@type":"EntryPoint","urlTemplate":"https:\/\/owlshead.com\/?s={search_term_string}"},"query-input":{"@type":"PropertyValueSpecification","valueRequired":true,"valueName":"search_term_string"}}],"inLanguage":"en-CA"},{"@type":"Organization","@id":"https:\/\/owlshead.com\/#organization","name":"Owl's Head","url":"https:\/\/owlshead.com\/","logo":{"@type":"ImageObject","inLanguage":"en-CA","@id":"https:\/\/owlshead.com\/#\/schema\/logo\/image\/","url":"https:\/\/owlshead.com\/wp-content\/uploads\/2018\/10\/owls-head_favicon-1.png","contentUrl":"https:\/\/owlshead.com\/wp-content\/uploads\/2018\/10\/owls-head_favicon-1.png","width":1243,"height":1243,"caption":"Owl's Head"},"image":{"@id":"https:\/\/owlshead.com\/#\/schema\/logo\/image\/"},"sameAs":["https:\/\/www.facebook.com\/owlsheadresort\/","https:\/\/www.linkedin.com\/company\/destination-owl-s-head\/","https:\/\/www.instagram.com\/montowlshead\/"]}]}},"taxonomy_info":[],"featured_image_src_large":false,"author_info":{"display_name":"Roxanne Pichette","author_link":"https:\/\/owlshead.com\/en\/author\/roxanne-pichette\/"},"comment_info":0,"_links":{"self":[{"href":"https:\/\/owlshead.com\/en\/wp-json\/wp\/v2\/pages\/7804","targetHints":{"allow":["GET"]}}],"collection":[{"href":"https:\/\/owlshead.com\/en\/wp-json\/wp\/v2\/pages"}],"about":[{"href":"https:\/\/owlshead.com\/en\/wp-json\/wp\/v2\/types\/page"}],"author":[{"embeddable":true,"href":"https:\/\/owlshead.com\/en\/wp-json\/wp\/v2\/users\/50"}],"replies":[{"embeddable":true,"href":"https:\/\/owlshead.com\/en\/wp-json\/wp\/v2\/comments?post=7804"}],"version-history":[{"count":2,"href":"https:\/\/owlshead.com\/en\/wp-json\/wp\/v2\/pages\/7804\/revisions"}],"predecessor-version":[{"id":36875,"href":"https:\/\/owlshead.com\/en\/wp-json\/wp\/v2\/pages\/7804\/revisions\/36875"}],"wp:attachment":[{"href":"https:\/\/owlshead.com\/en\/wp-json\/wp\/v2\/media?parent=7804"}],"curies":[{"name":"wp","href":"https:\/\/api.w.org\/{rel}","templated":true}]}}